{"id":1045,"date":"2023-06-01T13:48:08","date_gmt":"2023-06-01T13:48:08","guid":{"rendered":"https:\/\/www.sandrawilhelms.de\/?page_id=1045"},"modified":"2025-07-31T07:19:42","modified_gmt":"2025-07-31T07:19:42","slug":"ayurveda","status":"publish","type":"page","link":"https:\/\/www.sandrawilhelms.de\/?page_id=1045","title":{"rendered":"AYURVEDA"},"content":{"rendered":"\n<p>Ayurveda wird auch gerne als die Schwesternwissenschaft des Yoga bezeichnet, denn beide haben ihre Urspr\u00fcnge in den altindischen Veden, und bedeutet soviel wie die Wissenschaft des langen und gesunden Lebens.<\/p>\n\n\n\n<p>Es ist ein Jahrtausende altes Gesundheitssystem, das schon bei der Pr\u00e4vention ansetzt und uns umfangreiche Werkzeuge und ein tiefes Wissen an die Hand gibt, um in unserem Alltag aktiv etwas f\u00fcr unsere k\u00f6rperliche, geistige und seelische Gesundheit zu tun, indem wir auf unsere Ern\u00e4hrung und unseren Lebensstil achten.<\/p>\n\n\n\n<p>Ayurveda betrachtet den Menschen als Teil der Natur. Wir sind eingebunden in verschiedene Rhythmen wie den Tagesrhythmus und die Jahreszeiten. Wir bestehen aus denselben Elementen, aus denen sich auch die Natur zusammensetzt und wir unterliegen deshalb den gleichen universellen Prinzipien.<\/p>\n\n\n\n<p>Dabei hat jeder Mensch seine einzigartige Konstitution oder \u201eZusammensetzung\u201c, &#8222;Dosha&#8220; genannt. Vielen sind hier schon einmal die Begriffe Vata, Pitta und Kapha begegnet. Deshalb schaut der Ayurveda jeden Menschen individuell an. Was f\u00fcr den einen genau richtig ist, bekommt dem anderen m\u00f6glicherweise gar nicht gut. Durch den Ayurveda k\u00f6nnen wir verstehen, warum das so ist.<\/p>\n\n\n\n<p>Der Ayurveda l\u00e4dt uns ein, uns selbst genau zu erforschen und besser kennenzulernen, sowohl k\u00f6rperlich als auch mental. Mit dem ayurvedischen Wissen um die Elemente und Eigenschaften der Natur und des Menschen k\u00f6nnen wir dann eigenverantwortlich mittels Ern\u00e4hrung, Lebensf\u00fchrung und Kr\u00e4uterkunde f\u00fcr unsere Gesundheit sorgen.<\/p>\n\n\n\n<p>Es ist also keine Di\u00e4t, sondern vielmehr ein Lebensstil, der Freude an den passenden Routinen und Genuss bei der Ern\u00e4hrung vermittelt. Gesundheit bedeutet in dieser pragmatischen, liebevollen Lebensphilosophie auch unsere psychische und seelische Ausrichtung hin zu Wohlbefinden, Lebensfreude und innerer Zufriedenheit. <\/p>\n\n\n\n<p>In meinen Workshops m\u00f6chte ich diese Basics vermitteln und ein Verst\u00e4ndnis f\u00fcr die ayurvedischen Prinzipien., damit wir im Alltag besser f\u00fcr uns sorgen k\u00f6nnen.<\/p>\n\n\n\n<p>Termine findest du unter der Rubrik &#8222;Workshops&#8220;!<\/p>\n\n\n\n<p><\/p>\n\n\n\n<p><\/p>\n","protected":false},"excerpt":{"rendered":"<p>Ayurveda wird auch gerne als die Schwesternwissenschaft des Yoga bezeichnet, denn beide haben ihre Urspr\u00fcnge in den altindischen Veden, und bedeutet soviel wie die Wissenschaft des langen und gesunden Lebens. Es ist ein Jahrtausende altes Gesundheitssystem, das schon bei der Pr\u00e4vention ansetzt und uns umfangreiche Werkzeuge und ein tiefes Wissen an die Hand gibt, um &hellip; <a href=\"https:\/\/www.sandrawilhelms.de\/?page_id=1045\" class=\"more-link\"><span class=\"screen-reader-text\">AYURVEDA<\/span> weiterlesen<\/a><\/p>\n","protected":false},"author":1,"featured_media":0,"parent":0,"menu_order":0,"comment_status":"closed","ping_status":"closed","template":"","meta":{"footnotes":""},"class_list":["post-1045","page","type-page","status-publish","hentry"],"_links":{"self":[{"href":"https:\/\/www.sandrawilhelms.de\/index.php?rest_route=\/wp\/v2\/pages\/1045","targetHints":{"allow":["GET"]}}],"collection":[{"href":"https:\/\/www.sandrawilhelms.de\/index.php?rest_route=\/wp\/v2\/pages"}],"about":[{"href":"https:\/\/www.sandrawilhelms.de\/index.php?rest_route=\/wp\/v2\/types\/page"}],"author":[{"embeddable":true,"href":"https:\/\/www.sandrawilhelms.de\/index.php?rest_route=\/wp\/v2\/users\/1"}],"replies":[{"embeddable":true,"href":"https:\/\/www.sandrawilhelms.de\/index.php?rest_route=%2Fwp%2Fv2%2Fcomments&post=1045"}],"version-history":[{"count":22,"href":"https:\/\/www.sandrawilhelms.de\/index.php?rest_route=\/wp\/v2\/pages\/1045\/revisions"}],"predecessor-version":[{"id":1282,"href":"https:\/\/www.sandrawilhelms.de\/index.php?rest_route=\/wp\/v2\/pages\/1045\/revisions\/1282"}],"wp:attachment":[{"href":"https:\/\/www.sandrawilhelms.de\/index.php?rest_route=%2Fwp%2Fv2%2Fmedia&parent=1045"}],"curies":[{"name":"wp","href":"https:\/\/api.w.org\/{rel}","templated":true}]}}