{"id":1237,"date":"2024-09-24T09:31:02","date_gmt":"2024-09-24T09:31:02","guid":{"rendered":"https:\/\/www.sandrawilhelms.de\/?page_id=1237"},"modified":"2026-03-16T07:10:28","modified_gmt":"2026-03-16T07:10:28","slug":"workshops","status":"publish","type":"page","link":"https:\/\/www.sandrawilhelms.de\/?page_id=1237","title":{"rendered":"WORKSHOPS"},"content":{"rendered":"\n<p>&#8222;<strong>Healthy Aging mit Ayurveda &#8211; Praxisvortrag f\u00fcr Frauen ab 60+<\/strong>&#8222;<\/p>\n\n\n\n<p>22.04.2026, 10.00-13.00 Uhr, balou e. V., Oberdorfstr. 83, Dortmund<\/p>\n\n\n\n<p>Jede Lebensphase bringt besondere Herausforderungen mit sich.<br>Gerade in der reiferen Lebenszeit k\u00f6nnen wir viel daf\u00fcr tun, unsere<br>Gesundheit aktiv zu unterst\u00fctzen und unser Wohlbefinden zu<br>st\u00e4rken.<br>In unserem Praxisvortrag lernen Sie die Grundlagen des Ayurveda<br>kennen \u2013 die jahrtausendealte indische \u201eWissenschaft vom langen,<br>gesunden Leben\u201c. Verst\u00e4ndlich und praxisnah erfahren Frauen ab<br>60, wie sie dieses ganzheitliche Gesundheitssystem f\u00fcr sich nutzen<br>k\u00f6nnen.<br>Im Mittelpunkt stehen wichtige S\u00e4ulen des gesunden \u00c4lterwerdens:<br>eine typgerechte Ern\u00e4hrung, ein pr\u00e4ventiver Lebensstil und<br>wertvolles Kr\u00e4uterwissen zur sanften, individuellen Unterst\u00fctzung<br>des K\u00f6rpers<\/p>\n\n\n\n<p>&#8222;<strong>Ayurveda f\u00fcr die Wechseljahre &#8211; Gelassen und kraftvoll durch die Zeit der<br>Ver\u00e4nderung<\/strong>&#8222;<\/p>\n\n\n\n<p>20.05.2026, 10.00-13.00 Uhr, balou e. V, Oberdorfstr. 83, Dortmund<\/p>\n\n\n\n<p>Die Wechseljahre sind mehr als nur eine hormonelle Umstellung<br>sie markieren den Beginn einer neuen, kraftvollen Lebensphase.<br>Auch wenn Hitzewallungen, Schlafst\u00f6rungen oder innere Unruhe<br>den Alltag herausfordern k\u00f6nnen, bietet diese Zeit gleichzeitig die<br>M\u00f6glichkeit f\u00fcr pers\u00f6nliches Wachstum, Klarheit und<br>Neuausrichtung.<br>In unserem Praxisvortrag erfahren Sie, wie die jahrtausendealte<br>Lehre des Ayurveda Sie w\u00e4hrend dieser \u00dcbergangszeit<br>unterst\u00fctzen kann. Verst\u00e4ndlich erkl\u00e4rt zeigen wir, welche Prozesse<br>im K\u00f6rper ablaufen, wie Dysbalancen entstehen und wie Sie diese<br>positiv beeinflussen k\u00f6nnen.<br>Sie lernen praxisnahe Strategien kennen, um typische Beschwerden<br>zu lindern:<br>Ern\u00e4hrung, die den K\u00f6rper n\u00e4hrt und st\u00e4rkt<br>Achtsamer Lebensstil, der f\u00fcr Balance sorgt<br>Kr\u00e4uterwissen, das sanft bei Hitzewallungen und<br>Schlafst\u00f6rungen hilf<\/p>\n\n\n\n<p><strong>&#8222;Kundalini Yoga f\u00fcr den R\u00fccken&#8220;<\/strong><\/p>\n\n\n\n<p>14.06.2026, 10.00-13.00 Uhr, Kobi, Adlerstr. 83, Dortmund<\/p>\n\n\n\n<p><strong>&#8222;Kundalini Yoga und Ayurveda f\u00fcr den Herbst&#8220;<\/strong><\/p>\n\n\n\n<p>10.10.2026, 10.00-13.00 Uhr, Kobi, Adlerstr. 83, Dortmund<\/p>\n\n\n\n<p><strong>&#8222;Einf\u00fchrung in die Ayurveda-Ern\u00e4hrung&#8220;<\/strong><\/p>\n\n\n\n<p>14.11.2026, 10.00-13.00 Uhr, Kobi, Adlerstr. 83, Dortmund<\/p>\n\n\n\n<p>Dass die Gesundheit ihren Sitz im Darm hat, ist im Ayurveda, der altindischen Gesundheitslehre, schon seit Jahrtausenden bekannt. Deshalb ist im Ayurveda die Ern\u00e4hrung ein wesentlicher Bestandteil f\u00fcr die Gesunderhaltung des Menschen. Im Ayurveda geht es aber auch immer um das Zusammenspiel von K\u00f6rper, Geist und Seele, was ihn zu einer ganzheitlichen Lebens- und Heilkunde macht. Das Besondere am Ayurveda ist, dass er den Menschen als Individuum betrachtet wird und individuelle Empfehlungen gibt.<\/p>\n\n\n\n<p>Pers\u00f6nliche Veranlagungen, Vorlieben und Anf\u00e4lligkeiten werden dabei ber\u00fccksichtigt. Wir werden so dabei unterst\u00fctzt, achtsam mit unserem K\u00f6rper umzugehen und seine Bed\u00fcrfnisse besser kennenzulernen und zu sp\u00fcren.<\/p>\n\n\n\n<p>Diese alte Heilkunst mit dem universellen Wissen \u00fcber die verschiedenen K\u00f6rpertypen und Ern\u00e4hrungsprinzipien zeigt uns, wie wir mit Freude und Genuss etwas f\u00fcr unsere k\u00f6rperliche und seelische Gesundheit tun k\u00f6nnen. Das muss nicht kompliziert sein.<\/p>\n\n\n\n<p>Wir tauchen ein in dieses wundersch\u00f6ne alte Wissen und besprechen, wie wir es in unsere heutige Zeit \u00fcbersetzen und in unseren Alltag integrieren k\u00f6nnen.<\/p>\n\n\n\n<p><\/p>\n\n\n\n<p><\/p>\n\n\n\n<p><\/p>\n\n\n\n<p><\/p>\n\n\n\n<p><\/p>\n\n\n\n<p><\/p>\n\n\n\n<p><\/p>\n\n\n\n<p><\/p>\n\n\n\n<p><\/p>\n","protected":false},"excerpt":{"rendered":"<p>&#8222;Healthy Aging mit Ayurveda &#8211; Praxisvortrag f\u00fcr Frauen ab 60+&#8222; 22.04.2026, 10.00-13.00 Uhr, balou e. V., Oberdorfstr. 83, Dortmund Jede Lebensphase bringt besondere Herausforderungen mit sich.Gerade in der reiferen Lebenszeit k\u00f6nnen wir viel daf\u00fcr tun, unsereGesundheit aktiv zu unterst\u00fctzen und unser Wohlbefinden zust\u00e4rken.In unserem Praxisvortrag lernen Sie die Grundlagen des Ayurvedakennen \u2013 die jahrtausendealte indische &hellip; <a href=\"https:\/\/www.sandrawilhelms.de\/?page_id=1237\" class=\"more-link\"><span class=\"screen-reader-text\">WORKSHOPS<\/span> weiterlesen<\/a><\/p>\n","protected":false},"author":1,"featured_media":0,"parent":0,"menu_order":0,"comment_status":"closed","ping_status":"closed","template":"","meta":{"footnotes":""},"class_list":["post-1237","page","type-page","status-publish","hentry"],"_links":{"self":[{"href":"https:\/\/www.sandrawilhelms.de\/index.php?rest_route=\/wp\/v2\/pages\/1237","targetHints":{"allow":["GET"]}}],"collection":[{"href":"https:\/\/www.sandrawilhelms.de\/index.php?rest_route=\/wp\/v2\/pages"}],"about":[{"href":"https:\/\/www.sandrawilhelms.de\/index.php?rest_route=\/wp\/v2\/types\/page"}],"author":[{"embeddable":true,"href":"https:\/\/www.sandrawilhelms.de\/index.php?rest_route=\/wp\/v2\/users\/1"}],"replies":[{"embeddable":true,"href":"https:\/\/www.sandrawilhelms.de\/index.php?rest_route=%2Fwp%2Fv2%2Fcomments&post=1237"}],"version-history":[{"count":13,"href":"https:\/\/www.sandrawilhelms.de\/index.php?rest_route=\/wp\/v2\/pages\/1237\/revisions"}],"predecessor-version":[{"id":1325,"href":"https:\/\/www.sandrawilhelms.de\/index.php?rest_route=\/wp\/v2\/pages\/1237\/revisions\/1325"}],"wp:attachment":[{"href":"https:\/\/www.sandrawilhelms.de\/index.php?rest_route=%2Fwp%2Fv2%2Fmedia&parent=1237"}],"curies":[{"name":"wp","href":"https:\/\/api.w.org\/{rel}","templated":true}]}}