{"id":13,"date":"2017-04-21T23:36:11","date_gmt":"2017-04-21T23:36:11","guid":{"rendered":"http:\/\/preview.sandrawilhelms.de\/?page_id=13"},"modified":"2024-09-18T17:07:01","modified_gmt":"2024-09-18T17:07:01","slug":"cds","status":"publish","type":"page","link":"https:\/\/www.sandrawilhelms.de\/?page_id=13","title":{"rendered":"CDS"},"content":{"rendered":"<h4>FAIRYLAND \u2013 Scandinavian Classical, Traditional and Contemporary Music for Guitar<\/h4>\n<p><img loading=\"lazy\" decoding=\"async\" class=\"alignnone size-full wp-image-107\" src=\"http:\/\/preview.sandrawilhelms.de\/wp-content\/uploads\/2017\/05\/coverfairy.jpg\" alt=\"\" width=\"400\" height=\"360\" srcset=\"https:\/\/www.sandrawilhelms.de\/wp-content\/uploads\/2017\/05\/coverfairy.jpg 400w, https:\/\/www.sandrawilhelms.de\/wp-content\/uploads\/2017\/05\/coverfairy-300x270.jpg 300w\" sizes=\"auto, (max-width: 400px) 100vw, 400px\" \/><\/p>\n<p>&nbsp;<\/p>\n<p><strong>I. Swedish Folktunes<\/strong><\/p>\n<p>1. <strong>Tv\u00e5 Vall\u00e5tar<\/strong> \u2013 Two Herding Calls 2:05<\/p>\n<p>2. <strong>Polska<\/strong>, after H\u00f6\u00f6k Olof Andersson 1:55<\/p>\n<p>3. <strong>K\u00e4rleksvisa<\/strong>, om dagen vid mitt arbeite \u2013 Love Song, during the Day while I\u00b4m Working 1:51<\/p>\n<p>4. <strong>Vals<\/strong> \u2013 Waltz, after Arvid Br\u00e4ndlund 1:27<\/p>\n<p>5. <strong>Lockl\u00e5t<\/strong> \u2013 Herding Tune, after Hilda Horn 1:35<\/p>\n<p>6. <strong>Polska<\/strong> \u201cK\u00f6hlen\u201d, after J. S. Erlandsson 1:44<\/p>\n<p>7. <strong>Leksands Sk\u00e4nkl\u00e5t<\/strong> \u2013 Gift-giving Tune, after Kers Per Persson 2:25<\/p>\n<p><strong>II. Norwegian Romanticism: Edvard Grieg (1843-1907)<\/strong><\/p>\n<p>8. <strong>Solveigs vuggevise<\/strong>, Op. 23, No. 26 \u2013 Solveig\u00b4s Lullaby 3:30<\/p>\n<p>9. <strong>Alvedans<\/strong>, Op. 12, No. 4 \u2013 Elves\u00b4 Dance 1:19<\/p>\n<p>10. <strong>Vektersang<\/strong>, Op. 12, No. 3 \u2013 Watchman\u00b4s Song 3:29<\/p>\n<p><strong>III. Finnish Romanticism<\/strong><\/p>\n<p>11. <strong>Berceuse<\/strong>, Armas J\u00e4rnefelt (1869-1958) 2:53<\/p>\n<p>12. <strong>Kes\u00e4illan idylli<\/strong>, Op. 16, No. 2, Oskar Merikanto ( 1868-1924) \u2013 Summer Night Idyll 1:53<\/p>\n<p>13. <strong>Scherzo<\/strong>, Op. 6, No. 4, Oskar Merikanto 3:34<\/p>\n<p>14. <strong>Laulu ristilukista<\/strong>, Op. 27, no. 4 Jean Sibelius (1865-1957) \u2013 Song of the Spider 3.34<\/p>\n<p>15. <strong>Pieni satu<\/strong>, Op. 31, no. 3, Leevi Madetoja (1887-1947) \u2013 A Little Tale 1:40<\/p>\n<p>16. <strong>Kansanlaulu<\/strong>, Op. 14, No. 1, Leevi Madetoja Folk Song 2:09<\/p>\n<p><strong>IV. Finnish Polkkas and Tangos<\/strong><\/p>\n<p>17. <strong>S\u00e4kkij\u00e4rven Polkka<\/strong>, Traditional, 2:10<\/p>\n<p>18. <strong>Lenn\u00e4, mun lempeni laulu, Usko Kumppi (1907-1994)<\/strong> \u2013 Fly, My Song of Love 2:22<\/p>\n<p>19. <strong>Y\u00f6n kuningatar, Mika Toivanen (*1970)<\/strong> \u2013 Queen of the Night 3:33<\/p>\n<p>20. <strong>Satumaa, Unto Mononen (1930-1968)<\/strong> \u2013 M\u00e4rchenland 3:12<\/p>\n<p><strong>V<\/strong>. <strong>Einojuhani Rautavaara (*1928): Serenades of the Unicorn<\/strong><\/p>\n<p>21. <strong>A Nervous Promenade and Dance<\/strong> (With His Own Reflection) 2:11<\/p>\n<p>22. <strong>Serenading a Pair of Giggly Nymphs<\/strong> (Drunk of Night) 1:30<\/p>\n<p>23. <strong>Serenading the Beauty Unobtainable<\/strong> (Too Far in Time) 2:06<\/p>\n<p>24. <strong>Having a Grand Time<\/strong> (With Some Scythian Centaurs) 1:18<\/p>\n<h4>DUO ACIANO &#8211; Luz y Sombra<\/h4>\n<p><img loading=\"lazy\" decoding=\"async\" class=\"alignnone size-full wp-image-121\" src=\"http:\/\/preview.sandrawilhelms.de\/wp-content\/uploads\/2017\/05\/coverluzysombra.jpg\" alt=\"\" width=\"400\" height=\"400\" srcset=\"https:\/\/www.sandrawilhelms.de\/wp-content\/uploads\/2017\/05\/coverluzysombra.jpg 400w, https:\/\/www.sandrawilhelms.de\/wp-content\/uploads\/2017\/05\/coverluzysombra-150x150.jpg 150w, https:\/\/www.sandrawilhelms.de\/wp-content\/uploads\/2017\/05\/coverluzysombra-300x300.jpg 300w, https:\/\/www.sandrawilhelms.de\/wp-content\/uploads\/2017\/05\/coverluzysombra-180x180.jpg 180w\" sizes=\"auto, (max-width: 400px) 100vw, 400px\" \/><\/p>\n<p>1. <strong>Nubes de Buenos Aires<\/strong> aus &#8222;Dos Aires Candomberos&#8220; &#8211; M\u00e1ximo Diego Pujol 7:16<\/p>\n<p>2. <strong>Caser\u00edo<\/strong> aus &#8222;Tres Piezas Marginales&#8220; &#8211; M\u00e1ximo Diego Pujol 3:52<\/p>\n<p>3. <strong>Bald\u00edo<\/strong> aus &#8222;Tres Piezas Marginales&#8220; &#8211; M\u00e1ximo Diego Pujol 4:10<\/p>\n<p>4. <strong>Potrero<\/strong> aus &#8222;Tres Piezas Marginales&#8220; &#8211; M\u00e1ximo Diego Pujol 4:28<\/p>\n<p>5. <strong>Oblivion<\/strong> &#8211; Astor Piazzolla 3:48<\/p>\n<p>6. <strong>Soledad<\/strong> &#8211; Carlos Gardel 6:14<\/p>\n<p>7. <strong>Hijo de la Luna<\/strong> &#8211; Jos\u00e9 Cano 3:46<\/p>\n<p>8. <strong>Youkali<\/strong> &#8211; Kurt Weill 5:33<\/p>\n<p>9. <strong>Tango tis Nefelis<\/strong> 3:40<\/p>\n<p>10. <strong>Tango<\/strong> &#8211; Jaime Mirtenbaum Zenamon 3:56<\/p>\n<p>11. <strong>Aria<\/strong> aus &#8222;Bachianas Brasileiras&#8220; &#8211; Heitor Villa-Lobos 4:44<\/p>\n<p>12. <strong>Tico Tico No Fub\u00e1<\/strong> &#8211; Zequinha de Abreu 2:19<\/p>\n<h4>DUO ACIANO &#8211; \u00a1DOS!<\/h4>\n<p><img loading=\"lazy\" decoding=\"async\" class=\"alignnone size-full wp-image-124\" src=\"http:\/\/preview.sandrawilhelms.de\/wp-content\/uploads\/2017\/05\/coverdos.jpg\" alt=\"\" width=\"400\" height=\"360\" srcset=\"https:\/\/www.sandrawilhelms.de\/wp-content\/uploads\/2017\/05\/coverdos.jpg 400w, https:\/\/www.sandrawilhelms.de\/wp-content\/uploads\/2017\/05\/coverdos-300x270.jpg 300w\" sizes=\"auto, (max-width: 400px) 100vw, 400px\" \/><\/p>\n<p>&nbsp;<\/p>\n<p>1. <strong>Pompeya<\/strong> aus \u201eSuite Buenos Aires\u201c \u2013 M\u00e1ximo Diego Pujol 3:49<\/p>\n<p>2. <strong>Palermo<\/strong> aus \u201eSuite Buenos Aires\u201c \u2013 M\u00e1ximo Diego Pujol 4:04<\/p>\n<p>3. <strong>Bordel 1900<\/strong> aus \u201eHistoire du Tango\u201c \u2013 Astor Piazzolla 3:59<\/p>\n<p>4. <strong>Caf\u00e9 1930<\/strong> aus \u201eHistoire du Tango\u201c \u2013 Astor Piazzolla 7:10<\/p>\n<p>5. <strong>Asturiana<\/strong> aus \u201eSiete Canciones Populares Espa\u00f1olas\u201c \u2013 Manuel de Falla 2:56<\/p>\n<p>6. <strong>Canci\u00f3n<\/strong> aus \u201eSiete Canciones Populares Espa\u00f1olas\u201c \u2013 Manuel de Falla 1:39<\/p>\n<p>7. <strong>Romanza Andaluza<\/strong> op.22,1 \u2013 Pablo de Sarasate 4:57<\/p>\n<p>8. <strong>Playera<\/strong> op 23,1 \u2013 Pablo de Sarasate 4:21<\/p>\n<p>9. <strong>Oriental Danza Espa\u00f1ola<\/strong> No. 2 \u2013 Enrique Granados 5:56<\/p>\n<p>10. <strong>Andaluza Danza Espa\u00f1ola<\/strong> No. 5 \u2013 Enrique Granados 3:55<\/p>\n<p>11. <strong>Pa\u00e7oca<\/strong> aus \u201eSuite Popular Brasileira\u201c \u2013 Celso Machado 2:32<\/p>\n<p>12. <strong>Piazza Vittorio<\/strong> aus \u201eSuite Popular Brasileira\u201c \u2013 Celso Machado 3:08<\/p>\n<h4>PARHELIA-QUARTETT &#8211; Sounding Landscapes<\/h4>\n<p><img loading=\"lazy\" decoding=\"async\" class=\"alignnone size-full wp-image-125\" src=\"http:\/\/preview.sandrawilhelms.de\/wp-content\/uploads\/2017\/05\/coverparhelia.jpg\" alt=\"\" width=\"400\" height=\"400\" srcset=\"https:\/\/www.sandrawilhelms.de\/wp-content\/uploads\/2017\/05\/coverparhelia.jpg 400w, https:\/\/www.sandrawilhelms.de\/wp-content\/uploads\/2017\/05\/coverparhelia-150x150.jpg 150w, https:\/\/www.sandrawilhelms.de\/wp-content\/uploads\/2017\/05\/coverparhelia-300x300.jpg 300w, https:\/\/www.sandrawilhelms.de\/wp-content\/uploads\/2017\/05\/coverparhelia-180x180.jpg 180w\" sizes=\"auto, (max-width: 400px) 100vw, 400px\" \/><\/p>\n<p>1. <strong>Si\u00fail a R\u00fan<\/strong> \u2013 Ireland 2:55<\/p>\n<p>2. <strong>Hov\u00e1 Mesz<\/strong> \u2013 Hungary 4:16<\/p>\n<p>3. <strong>Cuando el Rey Nimrod<\/strong> \u2013 Spain (Ladino) 5:10<\/p>\n<p>4. <strong>Zorongo Gitano<\/strong> \u2013 S. Behrend 2:57<\/p>\n<p>5. <strong>\u00c1tokdal<\/strong> \u2013 Hungary 2:47<\/p>\n<p>6. <strong>Che, Tango Che<\/strong> \u2013 A. Piazzolla 2:46<\/p>\n<p>7. <strong>La Jument de Michao<\/strong> \u2013 Brittany 2:31<\/p>\n<p>8. <strong>To Tango Tis Nefelis<\/strong> \u2013 H. Alexiou, L. McKennitt 4:28<\/p>\n<p>9. <strong>She Moved Through the Fair<\/strong> \u2013 Ireland 4:27<\/p>\n<p>10. <strong>Lord Mayo, Behind the Bush in the Garden, The Humours of Ballinafauna<\/strong> \u2013 Ireland 2:59<\/p>\n<p>11. <strong>Leva\u00b4s Polka<\/strong> \u2013 Finland 2:20<\/p>\n<h4>DUO SOLEIL LEVANT- Impressions de Paris et de l\u00b4Amerique du Sud<\/h4>\n<p><img loading=\"lazy\" decoding=\"async\" class=\"alignnone size-full wp-image-123\" src=\"http:\/\/preview.sandrawilhelms.de\/wp-content\/uploads\/2017\/05\/coversoleil.jpg\" alt=\"\" width=\"400\" height=\"400\" srcset=\"https:\/\/www.sandrawilhelms.de\/wp-content\/uploads\/2017\/05\/coversoleil.jpg 400w, https:\/\/www.sandrawilhelms.de\/wp-content\/uploads\/2017\/05\/coversoleil-150x150.jpg 150w, https:\/\/www.sandrawilhelms.de\/wp-content\/uploads\/2017\/05\/coversoleil-300x300.jpg 300w, https:\/\/www.sandrawilhelms.de\/wp-content\/uploads\/2017\/05\/coversoleil-180x180.jpg 180w\" sizes=\"auto, (max-width: 400px) 100vw, 400px\" \/><\/p>\n<p>1. <strong>Maurice Ravel<\/strong> (1875-1937) Pi\u00e8ce en Forme de Habanera 2:59<\/p>\n<p>2. <strong>Claude Debussy<\/strong> (1862-1918) La Fille aux Cheveux de Lin 2:26<\/p>\n<p>3. <strong>Francesco Molino<\/strong> (1774-1847) Duo pour Fl\u00fbte et Guitare, Opus 61,1 3:45<\/p>\n<p>4. <strong>Carlos Gardel<\/strong> (1890-1935) Mi Buenos Aires Querido 2:56<\/p>\n<p>5. <strong>Celso Machado<\/strong> (1953*) Sambamar 3:32<\/p>\n<p>6. <strong>M\u00e1ximo Diego Pujol<\/strong> (1953*) Nubes de Buenos Aires 6:49<\/p>\n","protected":false},"excerpt":{"rendered":"<p>FAIRYLAND \u2013 Scandinavian Classical, Traditional and Contemporary Music for Guitar &nbsp; I. Swedish Folktunes 1. Tv\u00e5 Vall\u00e5tar \u2013 Two Herding Calls 2:05 2. Polska, after H\u00f6\u00f6k Olof Andersson 1:55 3. K\u00e4rleksvisa, om dagen vid mitt arbeite \u2013 Love Song, during the Day while I\u00b4m Working 1:51 4. Vals \u2013 Waltz, after Arvid Br\u00e4ndlund 1:27 5. &hellip; <a href=\"https:\/\/www.sandrawilhelms.de\/?page_id=13\" class=\"more-link\"><span class=\"screen-reader-text\">CDS<\/span> weiterlesen<\/a><\/p>\n","protected":false},"author":1,"featured_media":0,"parent":0,"menu_order":0,"comment_status":"closed","ping_status":"closed","template":"page-templates\/New-Template3_page.php","meta":{"footnotes":""},"class_list":["post-13","page","type-page","status-publish","hentry"],"_links":{"self":[{"href":"https:\/\/www.sandrawilhelms.de\/index.php?rest_route=\/wp\/v2\/pages\/13","targetHints":{"allow":["GET"]}}],"collection":[{"href":"https:\/\/www.sandrawilhelms.de\/index.php?rest_route=\/wp\/v2\/pages"}],"about":[{"href":"https:\/\/www.sandrawilhelms.de\/index.php?rest_route=\/wp\/v2\/types\/page"}],"author":[{"embeddable":true,"href":"https:\/\/www.sandrawilhelms.de\/index.php?rest_route=\/wp\/v2\/users\/1"}],"replies":[{"embeddable":true,"href":"https:\/\/www.sandrawilhelms.de\/index.php?rest_route=%2Fwp%2Fv2%2Fcomments&post=13"}],"version-history":[{"count":26,"href":"https:\/\/www.sandrawilhelms.de\/index.php?rest_route=\/wp\/v2\/pages\/13\/revisions"}],"predecessor-version":[{"id":1236,"href":"https:\/\/www.sandrawilhelms.de\/index.php?rest_route=\/wp\/v2\/pages\/13\/revisions\/1236"}],"wp:attachment":[{"href":"https:\/\/www.sandrawilhelms.de\/index.php?rest_route=%2Fwp%2Fv2%2Fmedia&parent=13"}],"curies":[{"name":"wp","href":"https:\/\/api.w.org\/{rel}","templated":true}]}}