{"id":42,"date":"2017-04-25T16:37:41","date_gmt":"2017-04-25T16:37:41","guid":{"rendered":"http:\/\/preview.sandrawilhelms.de\/?page_id=42"},"modified":"2025-08-28T11:49:12","modified_gmt":"2025-08-28T11:49:12","slug":"projekte-2","status":"publish","type":"page","link":"https:\/\/www.sandrawilhelms.de\/?page_id=42","title":{"rendered":"SOLO"},"content":{"rendered":"\n<h4 class=\"wp-block-heading\">Solo&#8230;<\/h4>\n\n\n\n<p>umrahme ich Lesungen, kirchliche Veranstaltungen, Ausstellungser\u00f6ffnungen, kleinere Feierlichkeiten,&#8230; mit klangreicher, besinnlicher Gitarrenmusik von Klassik bis Pop-Instrumentals, die zum Tr\u00e4umen und Entspannen einladen.<\/p>\n\n\n\n<h4 class=\"wp-block-heading\">CD-Aufnahme: FAIRYLAND &#8211; Scandinavian Classical, Traditional and Contemporary Music for Guitar<\/h4>\n\n\n\n<p>Skandinavien und die klassische Gitarre: Eine Begegnung, die die m\u00e4rchenhafte Welt Skandinaviens mit seiner beeindruckenden Natur, den einsamen W\u00e4ldern und den imposanten Fjorden, mit seinen alten Geschichten und mythischen Wesen auf ganz besondere Weise lebendig werden l\u00e4sst!<\/p>\n\n\n\n<p>Der Bogen spannt sich von Arrangements schwedischer Volkslieder und Bearbeitungen romantischer Werke klassischer Komponisten Norwegens (Edvard Grieg) wie auch Finnlands (Jean Sibelius, Armas J\u00e4rnefelt, Oskar Merikanto, Leevi Madetoja) \u00fcber finnische Polka- und Tangounterhaltungsst\u00fccke bis hin zu dem zeitgen\u00f6ssischen Werk \u201eSerenades of the Unicorn\u201c des Finnen Einohujani Rautavaara, dem einzigen Werk des Konzertprogramms und auf dieser CD, das im Original f\u00fcr die Gitarre geschrieben wurde.<\/p>\n\n\n\n<p>Dabei haben die St\u00fccke einen starken Bezug zur Natur, zum volkst\u00fcmlichen Leben und zu den Mythen Skandinaviens voller Elfen, Nymphen und &#8222;rautavaarischer Einh\u00f6rner&#8220;. Friedliche Naturbetrachtungen, kraftvolle Stimmungsbilder und lebhafte T\u00e4nze werden mit perlenden, anmutigen Kl\u00e4ngen auf der Gitarre eingefangen.<\/p>\n\n\n\n<h4 class=\"wp-block-heading\"><\/h4>\n\n\n\n<p><\/p>\n","protected":false},"excerpt":{"rendered":"<p>Solo&#8230; umrahme ich Lesungen, kirchliche Veranstaltungen, Ausstellungser\u00f6ffnungen, kleinere Feierlichkeiten,&#8230; mit klangreicher, besinnlicher Gitarrenmusik von Klassik bis Pop-Instrumentals, die zum Tr\u00e4umen und Entspannen einladen. CD-Aufnahme: FAIRYLAND &#8211; Scandinavian Classical, Traditional and Contemporary Music for Guitar Skandinavien und die klassische Gitarre: Eine Begegnung, die die m\u00e4rchenhafte Welt Skandinaviens mit seiner beeindruckenden Natur, den einsamen W\u00e4ldern und den &hellip; <a href=\"https:\/\/www.sandrawilhelms.de\/?page_id=42\" class=\"more-link\"><span class=\"screen-reader-text\">SOLO<\/span> weiterlesen<\/a><\/p>\n","protected":false},"author":1,"featured_media":0,"parent":0,"menu_order":0,"comment_status":"closed","ping_status":"closed","template":"","meta":{"footnotes":""},"class_list":["post-42","page","type-page","status-publish","hentry"],"_links":{"self":[{"href":"https:\/\/www.sandrawilhelms.de\/index.php?rest_route=\/wp\/v2\/pages\/42","targetHints":{"allow":["GET"]}}],"collection":[{"href":"https:\/\/www.sandrawilhelms.de\/index.php?rest_route=\/wp\/v2\/pages"}],"about":[{"href":"https:\/\/www.sandrawilhelms.de\/index.php?rest_route=\/wp\/v2\/types\/page"}],"author":[{"embeddable":true,"href":"https:\/\/www.sandrawilhelms.de\/index.php?rest_route=\/wp\/v2\/users\/1"}],"replies":[{"embeddable":true,"href":"https:\/\/www.sandrawilhelms.de\/index.php?rest_route=%2Fwp%2Fv2%2Fcomments&post=42"}],"version-history":[{"count":21,"href":"https:\/\/www.sandrawilhelms.de\/index.php?rest_route=\/wp\/v2\/pages\/42\/revisions"}],"predecessor-version":[{"id":1291,"href":"https:\/\/www.sandrawilhelms.de\/index.php?rest_route=\/wp\/v2\/pages\/42\/revisions\/1291"}],"wp:attachment":[{"href":"https:\/\/www.sandrawilhelms.de\/index.php?rest_route=%2Fwp%2Fv2%2Fmedia&parent=42"}],"curies":[{"name":"wp","href":"https:\/\/api.w.org\/{rel}","templated":true}]}}