{"id":561,"date":"2018-05-25T19:03:12","date_gmt":"2018-05-25T19:03:12","guid":{"rendered":"http:\/\/www.sandrawilhelms.de\/?page_id=561"},"modified":"2025-08-28T11:52:19","modified_gmt":"2025-08-28T11:52:19","slug":"datenschutz","status":"publish","type":"page","link":"https:\/\/www.sandrawilhelms.de\/?page_id=561","title":{"rendered":"DATENSCHUTZ &#8211; IMPRESSUM"},"content":{"rendered":"<h4>IMPRESSUM<\/h4>\n<p>Inhaltlich Verantwortlicher gem\u00e4\u00df \u00a7 55 Rundfunkstaatsvertrag: Sandra Wilhelms<\/p>\n<p>Haftungshinweis: Trotz sorgf\u00e4ltiger inhaltlicher Kontrolle \u00fcbernehmen wir keine Haftung f\u00fcr die Inhalte externer Links. F\u00fcr den Inhalt der verlinkten Seiten sind ausschlie\u00dflich deren Betreiber verantwortlich.<\/p>\n<p>Copyright 2013 &#8211; 2025 \u00a9 Sandra Wilhelms<br \/>\nS\u00e4mtliche Texte, Bilder und andere auf der Homepage ver\u00f6ffentlichten Werke unterliegen \u2013 sofern nicht anders gekennzeichnet \u2013 dem Copyright des Seitenbetreibers. Jede Vervielf\u00e4ltigung, Speicherung, \u00dcbermittlung, Verbreitung, Sendung und Wieder-bzw. Weitergabe der Inhalte ist ohne schriftliche Genehmigung des Seitenbetreibers ausdr\u00fccklich untersagt.<\/p>\n<p>Steuernummer: 314\/5203\/2320<br \/>\nEmail:<a href=\"mailto:info@sandrawilhelms.de\">\u00a0info@sandrawilhelms.de<\/a><br \/>\nTelefon: 01522 \/ 867 41 52<\/p>\n<h4>DATENSCHUTZ<\/h4>\n<p class=\"m-size-11 size-16\"><span class=\"m-font-size-11 font-size-16\">Haftungsausschluss:<\/span><\/p>\n<p class=\"m-size-11 size-16\"><span class=\"m-font-size-11 font-size-16\">1. Inhalt der Onlineinformationen<\/span><\/p>\n<p class=\"m-size-11 size-16\"><span class=\"m-font-size-11 font-size-16\">Es wird keinerlei Gew\u00e4hr f\u00fcr die Aktualit\u00e4t, Korrektheit, Vollst\u00e4ndigkeit oder Qualit\u00e4t der bereitgestellten Informationen \u00fcbernommen. Haftungsanspr\u00fcche, welche sich auf Sch\u00e4den materieller oder ideeller Art beziehen, die durch die Nutzung oder Nichtnutzung der dargebotenen Informationen bzw. durch die Nutzung fehlerhafter und unvollst\u00e4ndiger Informationen verursacht wurden, sind grunds\u00e4tzlich ausgeschlossen, sofern kein nachweislich vors\u00e4tzliches oder grob fahrl\u00e4ssiges Verschulden vorliegt. Wir behalten es uns ausdr\u00fccklich vor, Teile der Seiten oder das gesamte Angebot ohne gesonderte Ank\u00fcndigung zu ver\u00e4ndern, zu erg\u00e4nzen, zu l\u00f6schen oder die Ver\u00f6ffentlichung zeitweise oder endg\u00fcltig einzustellen.<\/span><\/p>\n<p class=\"m-size-11 size-16\"><span class=\"m-font-size-11 font-size-16\">2. Verweise und Links<\/span><\/p>\n<p class=\"m-size-11 size-16\"><span class=\"m-font-size-11 font-size-16\">Die Website kann direkte oder indirekte Verweise (Links) auf Sites von Drittanbietern enthalten. Es gibt keinerlei Kontrolle \u00fcber diese Sites und daher keine Verantwortung f\u00fcr die Datenschutzvorkehrungen oder den Inhalt dieser Sites. Diese Feststellung gilt f\u00fcr alle innerhalb des eigenen Internetangebotes gesetzten Links und Verweise. F\u00fcr illegale, fehlerhafte oder unvollst\u00e4ndige Inhalte und insbesondere f\u00fcr Sch\u00e4den, die aus der Nutzung oder Nichtnutzung solcherart dargebotener Informationen entstehen, haftet allein der Anbieter der Seite, auf welche verwiesen wurde, nicht derjenige, der \u00fcber Links auf die jeweilige Ver\u00f6ffentlichung lediglich verweist.<\/span><\/p>\n<p><span class=\"m-font-size-11 font-size-16\">\u00a0<\/span><\/p>\n<p class=\"m-size-11 size-16\"><span class=\"m-font-size-11 font-size-16\">3. Urheber- und Kennzeichenrecht<\/span><\/p>\n<p class=\"m-size-11 size-16\"><span class=\"m-font-size-11 font-size-16\">Wir sind bestrebt, in allen Publikationen die Urheberrechte der verwendeten Grafiken, Tondokumente, Videosequenzen und Texte zu beachten. Alle innerhalb des Internetangebotes genannten und ggf. durch Dritte gesch\u00fctzten Marken- und Warenzeichen unterliegen uneingeschr\u00e4nkt den Bestimmungen des jeweils g\u00fcltigen Kennzeichenrechts und den Besitzrechten der jeweiligen eingetragenen Eigent\u00fcmer. Allein aufgrund der blo\u00dfen Nennung ist nicht der Schluss zu ziehen, dass Markenzeichen nicht durch Rechte Dritter gesch\u00fctzt sind!<\/span><\/p>\n<p class=\"m-size-11 size-16\"><span class=\"m-font-size-11 font-size-16\">Das Copyright f\u00fcr ver\u00f6ffentlichte, von Sandra Wilhelms selbst erstellte Objekte bleibt allein bei Sandra Wilhelms.<\/span><\/p>\n<p class=\"m-size-11 size-16\"><span class=\"m-font-size-11 font-size-16\">Eine Vervielf\u00e4ltigung oder Verwendung solcher Grafiken, Tondokumente, Videosequenzen und Texte in anderen elektronischen oder gedruckten Publikationen ist ohne ausdr\u00fcckliche Zustimmung nicht gestattet.<\/span><\/p>\n<p><span class=\"m-font-size-11 font-size-16\">\u00a0<\/span><\/p>\n<p class=\"m-size-11 size-16\"><span class=\"m-font-size-11 font-size-16\">4. Datenschutz<\/span><\/p>\n<p class=\"m-size-11 size-16\"><span class=\"m-font-size-11 font-size-16\">Die Angabe und Eingabe pers\u00f6nlicher oder gesch\u00e4ftlicher Daten (E-Mailadressen, Namen, Anschriften) seitens des Nutzers erfolgt innerhalb des Internetangebotes ausdr\u00fccklich auf freiwilliger Basis. Diese personenbezogenen Daten werden zu Zwecken der Beantwortung Ihrer Anfragen, zur technischen Administration der Webseiten, zur Kundenverwaltung und f\u00fcr das Marketing nur im jeweils daf\u00fcr erforderlichen Umfang genutzt. Nat\u00fcrlich k\u00f6nnen Sie der Nutzung dieser Daten jederzeit widersprechen.<\/span><\/p>\n<p class=\"m-size-11 size-16\"><span class=\"m-font-size-11 font-size-16\">Die Nutzung der im Rahmen des Impressums oder vergleichbarer Angaben ver\u00f6ffentlichten Kontaktdaten von Sandra Wilhelms wie Postanschriften, Telefonnummern sowie E-Mailadressen durch Dritte zur \u00dcbersendung von nicht ausdr\u00fccklich angeforderten Informationen ist nicht gestattet. Rechtliche Schritte gegen die Versender von so genannten Spam-Mails bei Verst\u00f6\u00dfen gegen dieses Verbot sind ausdr\u00fccklich vorbehalten.<\/span><\/p>\n<p class=\"m-size-11 size-16\"><span class=\"m-font-size-11 font-size-16\">5. Rechtswirksamkeit dieses Haftungsausschlusses<\/span><\/p>\n<p class=\"m-size-11 size-16\"><span class=\"m-font-size-11 font-size-16\">Sofern Teile oder einzelne Formulierungen dieses Textes der geltenden Rechtslage nicht, nicht mehr oder nicht vollst\u00e4ndig entsprechen sollten, bleiben die \u00fcbrigen Teile des Dokumentes in ihrem Inhalt und ihrer G\u00fcltigkeit davon unber\u00fchrt.<\/span><span class=\"m-font-size-19\"><br \/>\n<\/span><\/p>\n","protected":false},"excerpt":{"rendered":"<p>IMPRESSUM Inhaltlich Verantwortlicher gem\u00e4\u00df \u00a7 55 Rundfunkstaatsvertrag: Sandra Wilhelms Haftungshinweis: Trotz sorgf\u00e4ltiger inhaltlicher Kontrolle \u00fcbernehmen wir keine Haftung f\u00fcr die Inhalte externer Links. F\u00fcr den Inhalt der verlinkten Seiten sind ausschlie\u00dflich deren Betreiber verantwortlich. Copyright 2013 &#8211; 2025 \u00a9 Sandra Wilhelms S\u00e4mtliche Texte, Bilder und andere auf der Homepage ver\u00f6ffentlichten Werke unterliegen \u2013 sofern nicht &hellip; <a href=\"https:\/\/www.sandrawilhelms.de\/?page_id=561\" class=\"more-link\"><span class=\"screen-reader-text\">DATENSCHUTZ &#8211; IMPRESSUM<\/span> weiterlesen<\/a><\/p>\n","protected":false},"author":1,"featured_media":0,"parent":0,"menu_order":0,"comment_status":"closed","ping_status":"closed","template":"","meta":{"footnotes":""},"class_list":["post-561","page","type-page","status-publish","hentry"],"_links":{"self":[{"href":"https:\/\/www.sandrawilhelms.de\/index.php?rest_route=\/wp\/v2\/pages\/561","targetHints":{"allow":["GET"]}}],"collection":[{"href":"https:\/\/www.sandrawilhelms.de\/index.php?rest_route=\/wp\/v2\/pages"}],"about":[{"href":"https:\/\/www.sandrawilhelms.de\/index.php?rest_route=\/wp\/v2\/types\/page"}],"author":[{"embeddable":true,"href":"https:\/\/www.sandrawilhelms.de\/index.php?rest_route=\/wp\/v2\/users\/1"}],"replies":[{"embeddable":true,"href":"https:\/\/www.sandrawilhelms.de\/index.php?rest_route=%2Fwp%2Fv2%2Fcomments&post=561"}],"version-history":[{"count":22,"href":"https:\/\/www.sandrawilhelms.de\/index.php?rest_route=\/wp\/v2\/pages\/561\/revisions"}],"predecessor-version":[{"id":1296,"href":"https:\/\/www.sandrawilhelms.de\/index.php?rest_route=\/wp\/v2\/pages\/561\/revisions\/1296"}],"wp:attachment":[{"href":"https:\/\/www.sandrawilhelms.de\/index.php?rest_route=%2Fwp%2Fv2%2Fmedia&parent=561"}],"curies":[{"name":"wp","href":"https:\/\/api.w.org\/{rel}","templated":true}]}}